{"id":3419,"date":"2024-08-13T08:40:33","date_gmt":"2024-08-13T08:40:33","guid":{"rendered":"https:\/\/ulyssia.com\/prensa-2\/"},"modified":"2025-08-14T18:50:41","modified_gmt":"2025-08-14T18:50:41","slug":"prensa-2","status":"publish","type":"page","link":"https:\/\/ulyssia.com\/es\/prensa-2\/","title":{"rendered":"Prensa"},"content":{"rendered":"\n<h2 class=\"wp-block-heading\">Prensa<\/h2>\n\n<p>Mant\u00e9ngase al d\u00eda con las \u00faltimas noticias y art\u00edculos sobre Ulyssia Residences en la prensa. Para todas las consultas de prensa, contacte a nuestro equipo escribiendo a:<br\/> <a href=\"mailto:ulyssia@luxurymarketinghouse.com\">ulyssia@luxurymarketinghouse.com<\/a>. <\/p>\n","protected":false},"excerpt":{"rendered":"<p>Prensa Mant\u00e9ngase al d\u00eda con las \u00faltimas noticias y art\u00edculos sobre Ulyssia Residences en la prensa. Para todas las consultas&hellip;<\/p>\n","protected":false},"author":7,"featured_media":2727,"parent":0,"menu_order":0,"comment_status":"closed","ping_status":"closed","template":"page-press.php","meta":{"_acf_changed":false,"footnotes":""},"class_list":["post-3419","page","type-page","status-publish","has-post-thumbnail","hentry"],"acf":[],"yoast_head":"<!-- This site is optimized with the Yoast SEO plugin v25.7 - https:\/\/yoast.com\/wordpress\/plugins\/seo\/ -->\n<title>Prensa - ULYSSIA<\/title>\n<meta name=\"description\" content=\"Explore la cobertura de prensa de ULYSSIA en las principales publicaciones como Robb Report, Forbes, The Times y BOAT International. Descubre c\u00f3mo la comunidad residencial de yates m\u00e1s lujosa del mundo est\u00e1 redefiniendo la vida en el mar.\" \/>\n<meta name=\"robots\" content=\"index, follow, max-snippet:-1, max-image-preview:large, max-video-preview:-1\" \/>\n<link rel=\"canonical\" href=\"https:\/\/ulyssia.com\/es\/prensa-2\/\" \/>\n<meta property=\"og:locale\" content=\"es_ES\" \/>\n<meta property=\"og:type\" content=\"article\" \/>\n<meta property=\"og:title\" content=\"Prensa - ULYSSIA\" \/>\n<meta property=\"og:description\" content=\"Explore la cobertura de prensa de ULYSSIA en las principales publicaciones como Robb Report, Forbes, The Times y BOAT International. Descubre c\u00f3mo la comunidad residencial de yates m\u00e1s lujosa del mundo est\u00e1 redefiniendo la vida en el mar.\" \/>\n<meta property=\"og:url\" content=\"https:\/\/ulyssia.com\/es\/prensa-2\/\" \/>\n<meta property=\"og:site_name\" content=\"ULYSSIA\" \/>\n<meta property=\"article:modified_time\" content=\"2025-08-14T18:50:41+00:00\" \/>\n<meta property=\"og:image\" content=\"https:\/\/ulyssia.com\/wp-content\/uploads\/2024\/08\/partners.jpg\" \/>\n\t<meta property=\"og:image:width\" content=\"1920\" \/>\n\t<meta property=\"og:image:height\" content=\"1080\" \/>\n\t<meta property=\"og:image:type\" content=\"image\/jpeg\" \/>\n<meta name=\"twitter:card\" content=\"summary_large_image\" \/>\n<script type=\"application\/ld+json\" class=\"yoast-schema-graph\">{\"@context\":\"https:\/\/schema.org\",\"@graph\":[{\"@type\":\"WebPage\",\"@id\":\"https:\/\/ulyssia.com\/es\/prensa-2\/\",\"url\":\"https:\/\/ulyssia.com\/es\/prensa-2\/\",\"name\":\"Prensa - ULYSSIA\",\"isPartOf\":{\"@id\":\"https:\/\/ulyssia.com\/es\/#website\"},\"primaryImageOfPage\":{\"@id\":\"https:\/\/ulyssia.com\/es\/prensa-2\/#primaryimage\"},\"image\":{\"@id\":\"https:\/\/ulyssia.com\/es\/prensa-2\/#primaryimage\"},\"thumbnailUrl\":\"\",\"datePublished\":\"2024-08-13T08:40:33+00:00\",\"dateModified\":\"2025-08-14T18:50:41+00:00\",\"description\":\"Explore la cobertura de prensa de ULYSSIA en las principales publicaciones como Robb Report, Forbes, The Times y BOAT International. Descubre c\u00f3mo la comunidad residencial de yates m\u00e1s lujosa del mundo est\u00e1 redefiniendo la vida en el mar.\",\"breadcrumb\":{\"@id\":\"https:\/\/ulyssia.com\/es\/prensa-2\/#breadcrumb\"},\"inLanguage\":\"es\",\"potentialAction\":[{\"@type\":\"ReadAction\",\"target\":[\"https:\/\/ulyssia.com\/es\/prensa-2\/\"]}]},{\"@type\":\"ImageObject\",\"inLanguage\":\"es\",\"@id\":\"https:\/\/ulyssia.com\/es\/prensa-2\/#primaryimage\",\"url\":\"\",\"contentUrl\":\"\"},{\"@type\":\"BreadcrumbList\",\"@id\":\"https:\/\/ulyssia.com\/es\/prensa-2\/#breadcrumb\",\"itemListElement\":[{\"@type\":\"ListItem\",\"position\":1,\"name\":\"Home\",\"item\":\"http:\/\/ulyssia.local\/es\/inicio\/\"},{\"@type\":\"ListItem\",\"position\":2,\"name\":\"Prensa\"}]},{\"@type\":\"WebSite\",\"@id\":\"https:\/\/ulyssia.com\/es\/#website\",\"url\":\"https:\/\/ulyssia.com\/es\/\",\"name\":\"ULYSSIA\",\"description\":\"\",\"potentialAction\":[{\"@type\":\"SearchAction\",\"target\":{\"@type\":\"EntryPoint\",\"urlTemplate\":\"https:\/\/ulyssia.com\/es\/?s={search_term_string}\"},\"query-input\":{\"@type\":\"PropertyValueSpecification\",\"valueRequired\":true,\"valueName\":\"search_term_string\"}}],\"inLanguage\":\"es\"}]}<\/script>\n<!-- \/ Yoast SEO plugin. -->","yoast_head_json":{"title":"Prensa - ULYSSIA","description":"Explore la cobertura de prensa de ULYSSIA en las principales publicaciones como Robb Report, Forbes, The Times y BOAT International. Descubre c\u00f3mo la comunidad residencial de yates m\u00e1s lujosa del mundo est\u00e1 redefiniendo la vida en el mar.","robots":{"index":"index","follow":"follow","max-snippet":"max-snippet:-1","max-image-preview":"max-image-preview:large","max-video-preview":"max-video-preview:-1"},"canonical":"https:\/\/ulyssia.com\/es\/prensa-2\/","og_locale":"es_ES","og_type":"article","og_title":"Prensa - ULYSSIA","og_description":"Explore la cobertura de prensa de ULYSSIA en las principales publicaciones como Robb Report, Forbes, The Times y BOAT International. Descubre c\u00f3mo la comunidad residencial de yates m\u00e1s lujosa del mundo est\u00e1 redefiniendo la vida en el mar.","og_url":"https:\/\/ulyssia.com\/es\/prensa-2\/","og_site_name":"ULYSSIA","article_modified_time":"2025-08-14T18:50:41+00:00","og_image":[{"width":1920,"height":1080,"url":"https:\/\/ulyssia.com\/wp-content\/uploads\/2024\/08\/partners.jpg","type":"image\/jpeg"}],"twitter_card":"summary_large_image","schema":{"@context":"https:\/\/schema.org","@graph":[{"@type":"WebPage","@id":"https:\/\/ulyssia.com\/es\/prensa-2\/","url":"https:\/\/ulyssia.com\/es\/prensa-2\/","name":"Prensa - ULYSSIA","isPartOf":{"@id":"https:\/\/ulyssia.com\/es\/#website"},"primaryImageOfPage":{"@id":"https:\/\/ulyssia.com\/es\/prensa-2\/#primaryimage"},"image":{"@id":"https:\/\/ulyssia.com\/es\/prensa-2\/#primaryimage"},"thumbnailUrl":"","datePublished":"2024-08-13T08:40:33+00:00","dateModified":"2025-08-14T18:50:41+00:00","description":"Explore la cobertura de prensa de ULYSSIA en las principales publicaciones como Robb Report, Forbes, The Times y BOAT International. Descubre c\u00f3mo la comunidad residencial de yates m\u00e1s lujosa del mundo est\u00e1 redefiniendo la vida en el mar.","breadcrumb":{"@id":"https:\/\/ulyssia.com\/es\/prensa-2\/#breadcrumb"},"inLanguage":"es","potentialAction":[{"@type":"ReadAction","target":["https:\/\/ulyssia.com\/es\/prensa-2\/"]}]},{"@type":"ImageObject","inLanguage":"es","@id":"https:\/\/ulyssia.com\/es\/prensa-2\/#primaryimage","url":"","contentUrl":""},{"@type":"BreadcrumbList","@id":"https:\/\/ulyssia.com\/es\/prensa-2\/#breadcrumb","itemListElement":[{"@type":"ListItem","position":1,"name":"Home","item":"http:\/\/ulyssia.local\/es\/inicio\/"},{"@type":"ListItem","position":2,"name":"Prensa"}]},{"@type":"WebSite","@id":"https:\/\/ulyssia.com\/es\/#website","url":"https:\/\/ulyssia.com\/es\/","name":"ULYSSIA","description":"","potentialAction":[{"@type":"SearchAction","target":{"@type":"EntryPoint","urlTemplate":"https:\/\/ulyssia.com\/es\/?s={search_term_string}"},"query-input":{"@type":"PropertyValueSpecification","valueRequired":true,"valueName":"search_term_string"}}],"inLanguage":"es"}]}},"_links":{"self":[{"href":"https:\/\/ulyssia.com\/es\/wp-json\/wp\/v2\/pages\/3419","targetHints":{"allow":["GET"]}}],"collection":[{"href":"https:\/\/ulyssia.com\/es\/wp-json\/wp\/v2\/pages"}],"about":[{"href":"https:\/\/ulyssia.com\/es\/wp-json\/wp\/v2\/types\/page"}],"author":[{"embeddable":true,"href":"https:\/\/ulyssia.com\/es\/wp-json\/wp\/v2\/users\/7"}],"replies":[{"embeddable":true,"href":"https:\/\/ulyssia.com\/es\/wp-json\/wp\/v2\/comments?post=3419"}],"version-history":[{"count":1,"href":"https:\/\/ulyssia.com\/es\/wp-json\/wp\/v2\/pages\/3419\/revisions"}],"predecessor-version":[{"id":3424,"href":"https:\/\/ulyssia.com\/es\/wp-json\/wp\/v2\/pages\/3419\/revisions\/3424"}],"wp:featuredmedia":[{"embeddable":true,"href":"https:\/\/ulyssia.com\/es\/wp-json\/wp\/v2\/media\/2727"}],"wp:attachment":[{"href":"https:\/\/ulyssia.com\/es\/wp-json\/wp\/v2\/media?parent=3419"}],"curies":[{"name":"wp","href":"https:\/\/api.w.org\/{rel}","templated":true}]}}